{"id":11061,"date":"2023-01-16T15:05:35","date_gmt":"2023-01-16T15:05:35","guid":{"rendered":"https:\/\/leroux.qodeinteractive.com\/?page_id=3"},"modified":"2024-07-30T20:45:31","modified_gmt":"2024-07-30T20:45:31","slug":"politicas-privacidade","status":"publish","type":"page","link":"https:\/\/gapetec.com\/index.php\/politicas-privacidade\/","title":{"rendered":"Pol\u00edticas de Privacidade"},"content":{"rendered":"\t\t<div data-elementor-type=\"wp-page\" data-elementor-id=\"11061\" class=\"elementor elementor-11061\">\n\t\t\t\t\t\t<section class=\"elementor-section elementor-top-section elementor-element elementor-element-25434705 elementor-section-full_width elementor-section-height-default elementor-section-height-default\" data-id=\"25434705\" data-element_type=\"section\" data-e-type=\"section\">\n\t\t\t\t\t\t<div class=\"elementor-container elementor-column-gap-default\">\n\t\t\t\t\t<div class=\"elementor-column elementor-col-100 elementor-top-column elementor-element elementor-element-5aa2d5b3\" data-id=\"5aa2d5b3\" data-element_type=\"column\" data-e-type=\"column\">\n\t\t\t<div class=\"elementor-widget-wrap elementor-element-populated\">\n\t\t\t\t\t\t<div class=\"elementor-element elementor-element-4bb4e95 elementor-widget elementor-widget-text-editor\" data-id=\"4bb4e95\" data-element_type=\"widget\" data-e-type=\"widget\" data-widget_type=\"text-editor.default\">\n\t\t\t\t<div class=\"elementor-widget-container\">\n\t\t\t\t\t\t\t\t\t\n<h1 class=\"wp-block-heading\">Pol\u00edtica de Privacidade e Prote\u00e7\u00e3o de Dados<\/h1>\n<h2>Quem Somos<\/h2>\n<p>A GAPETEC, LDA, pessoa colectiva<b> <\/b>n\u00famero 507395549, sediada em Rua N\u00aa Sra. dos Rem\u00e9dios, 235 4905-127 Palme, Barcelos, adiante designada como\u00a0<b>GAPETEC<\/b>, n\u00e3o recolhe automaticamente qualquer tipo de informa\u00e7\u00e3o pessoal dos utilizadores que n\u00e3o se encontrem registados, permitindo assim que os visitantes naveguem anonimamente.<\/p>\n<p>Leia, por favor, a presente\u00a0Pol\u00edtica de Privacidade\u00a0com aten\u00e7\u00e3o, pois, se est\u00e1 a aceder ao nosso website, a disponibiliza\u00e7\u00e3o dos seus dados pessoais implica o conhecimento e aceita\u00e7\u00e3o das condi\u00e7\u00f5es aqui constantes.<\/p>\n<p>A presente Pol\u00edtica de Privacidade regula a eventual recolha e tratamento, designadamente, o consentimento, relativamente a dados pessoais recolhidos ou fornecidos pelos utilizadores em qualquer parte do site\u00a0GAPETEC, assim como o exerc\u00edcio dos seus direitos relativamente a estes dados, nos termos do Regulamento Geral da Prote\u00e7\u00e3o de Dados (Regulamento 2016\/679 do Parlamento Europeu e do Conselho, de 27 de abril de 2016), com efeitos desde 25 de maio de 2018.<\/p>\n<h2>Dados Pessoais<\/h2>\n<p>Qualquer informa\u00e7\u00e3o, de qualquer natureza e independentemente do respetivo suporte, incluindo som e imagem, relativa a pessoa singular identificada ou identific\u00e1vel.<\/p>\n<p>\u00c9 considerada identific\u00e1vel a pessoa que possa ser identificada direta ou indiretamente, designadamente por refer\u00eancia a um n\u00famero de identifica\u00e7\u00e3o.<\/p>\n<h2>Respons\u00e1vel pelo tratamento de dados<\/h2>\n<p>A entidade respons\u00e1vel pela recolha e tratamento dos dados pessoais \u00e9 a\u00a0GAPETEC,<b> <\/b>LDA.,\u00a0que lhe presta o servi\u00e7o e que, no contexto, decide quais os dados recolhidos, os meios de tratamento dos dados e para que finalidades s\u00e3o utilizados.<\/p>\n<p>Em eventual d\u00favida em rela\u00e7\u00e3o \u00e0 nossa Pol\u00edtica de Privacidade e Tratamento de Dados Pessoais, poder\u00e1 contactar-nos atrav\u00e9s do email: geral@gapetec.com<\/p>\n<h2>Tipo de dados pessoais recolhidos<\/h2>\n<p>A\u00a0GAPETEC<b>,<\/b> no \u00e2mbito da sua atividade, procede \u00e0 recolha e ao tratamento dos dados pessoais necess\u00e1rios ao processamento e gest\u00e3o da presta\u00e7\u00e3o do servi\u00e7os e comunica\u00e7\u00e3o com os clientes e potenciais clientes, processamento de pedidos de informa\u00e7\u00e3o e de eventuais reclama\u00e7\u00f5es, an\u00e1lise estat\u00edstica, bem como a respetiva utiliza\u00e7\u00e3o para efeitos de marketing direto e melhoria ou personaliza\u00e7\u00e3o dos servi\u00e7os prestados, tratando nesse \u00e2mbito dados como: nome, morada, pa\u00eds, contacto telef\u00f3nico, n\u00famero de contribuinte, endere\u00e7o de correio eletr\u00f3nico, data de nascimento e interesses pessoais sobre marketing e comunica\u00e7\u00e3o.<\/p>\n<p>Os dados pessoais recolhidos s\u00e3o tratados informaticamente e no estrito cumprimento da legisla\u00e7\u00e3o da prote\u00e7\u00e3o de dados pessoais, sendo armazenados em base de dados espec\u00edficas, criadas para o efeito e que garantem a sua seguran\u00e7a e confidencialidade de acordo com as medidas de tecnologia da informa\u00e7\u00e3o, t\u00e9cnicas e organizacionais aceites, por forma a proteger da perda, altera\u00e7\u00e3o, destrui\u00e7\u00e3o, uso indevido em geral ou que os dados recolhidos sejam utilizados para outra finalidade que n\u00e3o aquela para a qual foi dado o respetivo consentimento por parte do titular dos dados.<\/p>\n<p>Caso deseje fazer a subscri\u00e7\u00e3o da newsletter ou nos sejam solicitadas mais informa\u00e7\u00f5es, ser-lhe-\u00e1 apresentado um formul\u00e1rio de recolha de dados pessoais.<\/p>\n<p>Caso preencha qualquer um dos formul\u00e1rios dispon\u00edveis para os fins acima descritos, consideramos prestado o seu consentimento consciente, expresso e inequ\u00edvoco para a ativa\u00e7\u00e3o e utiliza\u00e7\u00e3o subsequente dos mesmos.<\/p>\n<p>A\u00a0GAPETEC\u00a0n\u00e3o procede a qualquer registo de utilizadores, n\u00e3o criando ou disponibilizando acesso a \u00e1reas reservadas, sendo cada registo de encomenda e dados associados recolhidos e tratados por refer\u00eancia \u00fanica associada \u00e0 respetiva encomenda.<\/p>\n<h2>Finalidade do tratamento dos dados pessoais<\/h2>\n<p>A finalidade do tratamento de dados pessoais consiste na gest\u00e3o e processamento dos servi\u00e7os prestados, comunica\u00e7\u00e3o com clientes e potenciais clientes, processamento de pedidos de informa\u00e7\u00f5es e eventuais reclama\u00e7\u00f5es.<\/p>\n<p>A GAPETEC proceder\u00e1 ao tratamento dos seus dados em cada servi\u00e7o, gest\u00e3o de fatura\u00e7\u00e3o e pagamento, independentemente do m\u00e9todo de pagamento utilizado.<\/p>\n<h2>A\u00e7\u00f5es de marketing e Consentimento<\/h2>\n<p>A GAPETEC<b> <\/b>poder\u00e1 tratar os seus dados para efeitos de marketing tendo em conta o envio de informa\u00e7\u00f5es sobre os seus servi\u00e7os, sendo que qualquer a\u00e7\u00e3o apenas ser\u00e1 realizada com o seu consentimento, aquando da cria\u00e7\u00e3o da sua conta de utilizador ou na realiza\u00e7\u00e3o de qualquer presta\u00e7\u00e3o de servi\u00e7o. Ao prestar o respetivo consentimento receber\u00e1 comunica\u00e7\u00e3o de marketing atrav\u00e9s do endere\u00e7o de correio eletr\u00f3nico e\/ou SMS, assim como, a\u00e7\u00f5es de publicidade e campanhas de marketing nas redes sociais, podendo os seus dados ser partilhados com terceiros que giram as redes sociais da GAPETEC.<\/p>\n<p>A GAPETEC garante que regula todas as rela\u00e7\u00f5es com todos os seus parceiros e prestadores para que estes assegurem as condi\u00e7\u00f5es t\u00e9cnicas e organizativas necess\u00e1rias apropriadas e legalmente exig\u00edveis.<\/p>\n<p>A qualquer momento este consentimento pode ser revogado junto do Apoio ao Cliente ou atrav\u00e9s de\u00a0links ou banners\u00a0dispon\u00edveis em cada comunica\u00e7\u00e3o.<\/p>\n<h2>Direitos dos titulares<\/h2>\n<p>A GAPETEC compromete-se a respeitar a confidencialidade dos seus dados pessoais e a garantir-lhe o exerc\u00edcio dos seus direitos, nos termos e para efeitos da legisla\u00e7\u00e3o vigente em mat\u00e9ria de prote\u00e7\u00e3o dos dados pessoais, informamos que s\u00e3o garantidos ao titular dos dados:<\/p>\n<h3>Direito de ser informado:<\/h3>\n<ul>\n<li>No momento da recolha dos dados pessoais:<\/li>\n<li>Dos contactos do respons\u00e1vel pelo tratamento<\/li>\n<li>Da(s) finalidades de tratamento<\/li>\n<li>Do tempo limite de conserva\u00e7\u00e3o<\/li>\n<li>Dos seus direitos enquanto titulares de dados pessoais<\/li>\n<li>Da possibilidade de recurso \u00e0 autoridade de controlo para apresenta\u00e7\u00e3o de queixa (e respetivos contactos)<\/li>\n<li>Da (eventual) exist\u00eancia de decis\u00f5es automatizadas e\/ou profiling.<\/li>\n<li>Perguntar que informa\u00e7\u00f5es a GAPETEC possui sobre eles e porqu\u00ea;<\/li>\n<li>Saber onde est\u00e3o armazenados, e como s\u00e3o tratados os seus dados;<\/li>\n<li>Ser informado de como a GAPETEC cumpre as suas obriga\u00e7\u00f5es de prote\u00e7\u00e3o de dados.<\/li>\n<\/ul>\n<h3>Direito de acesso:<\/h3>\n<ul>\n<li>Confirma\u00e7\u00e3o da exist\u00eancia ou n\u00e3o de tratamento dos seus dados pessoais;<\/li>\n<li>Perguntar como obter acesso aos seus dados;<\/li>\n<li>Disponibiliza\u00e7\u00e3o de c\u00f3pia dos dados pessoais tratados, de prefer\u00eancia em formato export\u00e1vel.<\/li>\n<\/ul>\n<h3>Direito de corrigir, apagar e bloquear:<\/h3>\n<ul>\n<li>Ser informado sobre como mant\u00ea-los atualizados;<\/li>\n<li>Obter retifica\u00e7\u00e3o de dados desatualizados, incorretos ou incompletos;<\/li>\n<li>Possibilidade de apagamento de dados pessoais que j\u00e1 n\u00e3o sejam necess\u00e1rios para a finalidade;<\/li>\n<li>Bloquear o tratamento desses dados para verificar exatid\u00e3o ou oposi\u00e7\u00e3o.<\/li>\n<\/ul>\n<h3>Direito \u00e0 limita\u00e7\u00e3o:<\/h3>\n<ul>\n<li>Contesta\u00e7\u00e3o da exatid\u00e3o dos dados pessoais, durante um per\u00edodo que permita ao respons\u00e1vel pelo tratamento verificar a sua exatid\u00e3o.<\/li>\n<\/ul>\n<h3>Direito \u00e0 remo\u00e7\u00e3o\/esquecimento:<\/h3>\n<ul>\n<li>Solicitar a remo\u00e7\u00e3o dos seus dados e a elimina\u00e7\u00e3o definitiva dos que n\u00e3o colidam com obriga\u00e7\u00f5es legais.<\/li>\n<\/ul>\n<h3>Direito \u00e0 Portabilidade:<\/h3>\n<ul>\n<li>Solicitar a portabilidade dos seus dados;<\/li>\n<li>Possibilidade de solicitar os seus dados pessoais num formato de uso frequente ou comum, por forma a operar a transfer\u00eancia para outra organiza\u00e7\u00e3o, mesmo que concorrente.<\/li>\n<\/ul>\n<p>O exerc\u00edcio dos direitos por parte dos titulares poder\u00e1 ser feito atrav\u00e9s dos canais disponibilizados para o efeito e acima identificados.<\/p>\n<h2>Acesso, Autoriza\u00e7\u00e3o, Retifica\u00e7\u00e3o, Oposi\u00e7\u00e3o, Limita\u00e7\u00e3o, Remo\u00e7\u00e3o e portabilidade dos dados pessoais<\/h2>\n<p>Qualquer pedido de acesso, atualiza\u00e7\u00e3o, retifica\u00e7\u00e3o, oposi\u00e7\u00e3o, limita\u00e7\u00e3o, remo\u00e7\u00e3o, portabilidade ou n\u00e3o sujei\u00e7\u00e3o a decis\u00f5es individuais automatizadas dos dados pessoais suscet\u00edveis de o identificar, pode ser requerido por contacto direto com a GAPETEC<b> <\/b>ou usando o formul\u00e1rio de contacto do site indicando o assunto \u201cAltera\u00e7\u00e3o, Oposi\u00e7\u00e3o, Elimina\u00e7\u00e3o ou Portabilidade de dados pessoais\u201d.<\/p>\n<p>Caso n\u00e3o pretenda rececionar esta comunica\u00e7\u00e3o pode opor-se, a qualquer momento, \u00e0 utiliza\u00e7\u00e3o dos seus dados para fins de marketing e envio de comunica\u00e7\u00f5es informativas, devendo para tal, remeter pedido escrito dirigido \u00e0 GAPETEC<b>,<\/b> atrav\u00e9s dos endere\u00e7os disponibilizados para o efeito ou usando o formul\u00e1rio de contacto do site, indicando o assunto \u201cOposi\u00e7\u00e3o \u00e0 rece\u00e7\u00e3o de contactos para fins de Marketing\u201d.<\/p>\n<h2>Comunica\u00e7\u00e3o de dados a outras entidades (terceiros e subcontratados)<\/h2>\n<p>A GAPETEC n\u00e3o partilha os dados pessoais dos utilizadores com terceiros com quem n\u00e3o tenha estabelecida rela\u00e7\u00e3o contratual que prev\u00ea o tratamento confidencial destes dados de acordo com a declara\u00e7\u00e3o de privacidade da mesma.<\/p>\n<p>A GAPETEC poder\u00e1 comunicar os seus dados pessoais a terceiros, prestadores de servi\u00e7os, como sejam, institui\u00e7\u00f5es financeiras, entidades de preven\u00e7\u00e3o de fraude, prestadores de servi\u00e7os tecnol\u00f3gicos, de marketing, log\u00edstica, transporte, entrega e publicidade.<\/p>\n<p>A GAPETEC poder\u00e1 comunicar os seus dados pessoais a terceiros desde que, para o efeito, tenha obtido de forma inequ\u00edvoca o consentimento dos titulares dos dados ou ainda quando:<\/p>\n<ol>\n<li>a) a transmiss\u00e3o seja efetuada no \u00e2mbito do cumprimento de uma obriga\u00e7\u00e3o legal, de uma delibera\u00e7\u00e3o da Comiss\u00e3o Nacional de Prote\u00e7\u00e3o de Dados ou de uma ordem judicial ou;<\/li>\n<li>b) a comunica\u00e7\u00e3o seja levada a cabo para proteger interesses vitais dos titulares dos dados ou qualquer outra finalidade leg\u00edtima prevista na lei.<\/li>\n<\/ol>\n<p>Em qualquer das situa\u00e7\u00f5es, a GAPETEC \u00e9 respons\u00e1vel pelos dados pessoais recolhidos.<\/p>\n<p>Caso exista transmiss\u00e3o de dados para terceiros, a GAPETEC mant\u00e9m em conjunto com os subcontratados a responsabilidade pelo tratamento dos dados pessoais de forma leal, licita e transparente. O subcontratado apenas pode tratar dados pessoais de acordo com as instru\u00e7\u00f5es definidas pela GAPETEC e sempre no estrito cumprimento da lei e das finalidades que lhe est\u00e3o confiadas no \u00e2mbito do contrato celebrado.<\/p>\n<p>A transmiss\u00e3o de dados pessoais para subcontratados apenas ser\u00e1 levada a cabo no \u00e2mbito de rela\u00e7\u00f5es contratualmente estabelecidas com a GAPETEC e apenas e s\u00f3 quando haja um fundamento do interesse do titular dos dados que o justifique.<\/p>\n<p>De forma a garantir a confidencialidade e seguran\u00e7a dos dados, a GAPETEC tomar\u00e1 as provid\u00eancias legalmente previstas que garantam que a entidade subcontratada ofere\u00e7a garantias suficientes \u00e0 prote\u00e7\u00e3o dos dados pessoais, que \u00e9 uma entidade reputada e que se reveste das medidas de seguran\u00e7a t\u00e9cnicas e organizativas suficientes, de forma a proteger os dados pessoais contra a destrui\u00e7\u00e3o, acidental ou il\u00edcita, a perda acidental, a altera\u00e7\u00e3o, a difus\u00e3o ou o acesso n\u00e3o autorizado e contra qualquer outra forma de tratamento il\u00edcito, acordadas, designadamente, mediante a formaliza\u00e7\u00e3o por contrato entre a GAPETEC e a entidade subcontratada em que a segunda se compromete a atuar apenas mediante as instru\u00e7\u00f5es da primeira no que ao tratamento dos dados pessoais respeita.<\/p>\n<p>Os titulares dos dados pessoais devem ser informados no momento da recolha dos seus dados acerca da sua eventual partilha com subcontratados da GAPETEC, sempre que poss\u00edvel com identifica\u00e7\u00e3o da organiza\u00e7\u00e3o e respetivo contacto, bem como da finalidade dessa partilha.<\/p>\n<p>No caso de os dados serem transferidos para um subcontratado da GAPETEC que esteja num pa\u00eds terceiro n\u00e3o pertencente \u00e0 Uni\u00e3o Europeia, este deve manter um n\u00edvel de prote\u00e7\u00e3o de dados equivalente \u00e0 prote\u00e7\u00e3o conferida pela legisla\u00e7\u00e3o vigente no espa\u00e7o europeu, designadamente a prevista no Regulamento (UE) 2016\/679 do Parlamento Europeu e do Conselho de 27 de abril de 2016.<\/p>\n<p>No \u00e2mbito das transfer\u00eancias internacionais de dados, devem seguir-se (pelo menos) um dos seguintes procedimentos:<\/p>\n<ul>\n<li>Contrato individual ou cl\u00e1usulas contratuais-tipo adotadas diretamente pela Comiss\u00e3o Europeia ou por uma autoridade de controlo;<\/li>\n<li>Participa\u00e7\u00e3o do subcontratado num sistema ou norma de certifica\u00e7\u00e3o credenciado ou reconhecido pela UE para a garantia de um n\u00edvel adequado de prote\u00e7\u00e3o;<\/li>\n<li>Reconhecimento de que as regras corporativas vinculativas do subcontratado garantem um n\u00edvel adequado de prote\u00e7\u00e3o de dados, emitido pelas autoridades de controlo.<\/li>\n<li>Exist\u00eancia de uma decis\u00e3o de adequa\u00e7\u00e3o referente ao pa\u00eds terceiro, ao territ\u00f3rio ou ao sector espec\u00edficos desse pa\u00eds terceiro, ou referente \u00e0 organiza\u00e7\u00e3o internacional em causa.<\/li>\n<\/ul>\n<p>As regras para serem efetuadas transfer\u00eancias de dados transfronteiri\u00e7as n\u00e3o ser\u00e3o aplic\u00e1veis sempre que estejam em causa opera\u00e7\u00f5es ocasionais e necess\u00e1rias para cumprimento de um contrato ou no \u00e2mbito de processo contencioso (judicial, administrativo, ou que corra termos junto de organismos de regula\u00e7\u00e3o ou similar).<\/p>\n<h2>Links<\/h2>\n<p>O nosso site cont\u00e9m links para outros sites. O site da GAPETEC n\u00e3o se responsabiliza pelas pol\u00edticas de privacidade ou conte\u00fado desses sites.<\/p>\n<p>Os utilizadores podem optar por n\u00e3o partilhar os seus dados com os servi\u00e7os Google. Para tal devem aceder ao Ads Preferences Manager e ao Analytics Opt-out Browser Add-on.<\/p>\n<h2>Seguran\u00e7a<\/h2>\n<p>A GAPETEC utiliza programas de seguran\u00e7a de forma a proteger os seus dados pessoais contra a destrui\u00e7\u00e3o, perda acidental, altera\u00e7\u00e3o, difus\u00e3o ou acesso n\u00e3o autorizado ou qualquer forma de tratamento il\u00edcito.<\/p>\n<p>A GAPETEC n\u00e3o pode garantir que as medidas de seguran\u00e7a adotadas para a prote\u00e7\u00e3o deste website impe\u00e7am ou excluam qualquer risco de acesso n\u00e3o autorizado ou perda de dados. Assim, \u00e9 aconselh\u00e1vel que os dispositivos de acesso utilizados estejam equipados com dispositivos de software que o protejam na transmiss\u00e3o e rece\u00e7\u00e3o de dados (sistemas antiv\u00edrus atualizados) e que o browser siga as medidas adequadas para garantir a seguran\u00e7a na transmiss\u00e3o de dados (firewall e filtros anti-spam).<\/p>\n<h2>Tempo de Conserva\u00e7\u00e3o<\/h2>\n<p>O per\u00edodo de tempo durante o qual os dados s\u00e3o armazenados e conservados varia de acordo com a finalidade para a qual a informa\u00e7\u00e3o \u00e9 tratada e de acordo com as obriga\u00e7\u00f5es e requisitos legais eventualmente aplic\u00e1veis, e que obriguem a conservar os dados por determinado per\u00edodo m\u00ednimo.<\/p>\n<p>Assim e sempre que n\u00e3o exista uma obriga\u00e7\u00e3o legal especifica, os dados ser\u00e3o armazenados e conservadores apenas pelo per\u00edodo m\u00ednimo necess\u00e1rio para as finalidades que motivaram a sua recolha ou o seu posterior tratamento, findo o qual os mesmos ser\u00e3o eliminados.<\/p>\n<p>Sublinhamos expressamente que em qualquer momento poder\u00e1 solicitar a elimina\u00e7\u00e3o de todos os seus dados pessoais das nossas bases de dados. Este pedido dever\u00e1 ser remetido para o endere\u00e7o eletr\u00f3nico: Pol\u00edtica de Privacidade e Prote\u00e7\u00e3o de Dados geral@gapetec.com<\/p>\n<p>\u00a0<\/p>\n<p>A presente Pol\u00edtica de Privacidade foi atualizada pela \u00faltima vez em 30 de julho de 2024<\/p>\n\t\t\t\t\t\t\t\t<\/div>\n\t\t\t\t<\/div>\n\t\t\t\t\t<\/div>\n\t\t<\/div>\n\t\t\t\t\t<\/div>\n\t\t<\/section>\n\t\t\t\t<\/div>\n\t\t","protected":false},"excerpt":{"rendered":"<p>Pol\u00edtica de Privacidade e Prote\u00e7\u00e3o de Dados Quem Somos A GAPETEC, LDA, pessoa colectiva n\u00famero 507395549, sediada em Rua N\u00aa Sra. dos Rem\u00e9dios, 235 4905-127 Palme, Barcelos, adiante designada como\u00a0GAPETEC, n\u00e3o recolhe automaticamente qualquer tipo de informa\u00e7\u00e3o pessoal dos utilizadores que n\u00e3o se encontrem registados, permitindo assim que os visitantes naveguem anonimamente. Leia, por favor, [&hellip;]<\/p>\n","protected":false},"author":1,"featured_media":0,"parent":0,"menu_order":0,"comment_status":"closed","ping_status":"closed","template":"","meta":{"footnotes":""},"class_list":["post-11061","page","type-page","status-publish","hentry"],"_links":{"self":[{"href":"https:\/\/gapetec.com\/index.php\/wp-json\/wp\/v2\/pages\/11061","targetHints":{"allow":["GET"]}}],"collection":[{"href":"https:\/\/gapetec.com\/index.php\/wp-json\/wp\/v2\/pages"}],"about":[{"href":"https:\/\/gapetec.com\/index.php\/wp-json\/wp\/v2\/types\/page"}],"author":[{"embeddable":true,"href":"https:\/\/gapetec.com\/index.php\/wp-json\/wp\/v2\/users\/1"}],"replies":[{"embeddable":true,"href":"https:\/\/gapetec.com\/index.php\/wp-json\/wp\/v2\/comments?post=11061"}],"version-history":[{"count":4,"href":"https:\/\/gapetec.com\/index.php\/wp-json\/wp\/v2\/pages\/11061\/revisions"}],"predecessor-version":[{"id":11599,"href":"https:\/\/gapetec.com\/index.php\/wp-json\/wp\/v2\/pages\/11061\/revisions\/11599"}],"wp:attachment":[{"href":"https:\/\/gapetec.com\/index.php\/wp-json\/wp\/v2\/media?parent=11061"}],"curies":[{"name":"wp","href":"https:\/\/api.w.org\/{rel}","templated":true}]}}