{"id":3,"date":"2024-07-28T09:58:11","date_gmt":"2024-07-28T09:58:11","guid":{"rendered":"https:\/\/gapetec.com\/?page_id=3"},"modified":"2024-07-30T20:51:20","modified_gmt":"2024-07-30T20:51:20","slug":"resolucao-litigios","status":"publish","type":"page","link":"https:\/\/gapetec.com\/index.php\/resolucao-litigios\/","title":{"rendered":"Resolu\u00e7\u00e3o Alternativa de Lit\u00edgios"},"content":{"rendered":"\t\t<div data-elementor-type=\"wp-page\" data-elementor-id=\"3\" class=\"elementor elementor-3\">\n\t\t\t\t<div class=\"elementor-element elementor-element-2385469d e-flex e-con-boxed e-con e-parent\" data-id=\"2385469d\" data-element_type=\"container\" data-e-type=\"container\">\n\t\t\t\t\t<div class=\"e-con-inner\">\n\t\t\t\t<div class=\"elementor-element elementor-element-796a5f99 elementor-widget elementor-widget-text-editor\" data-id=\"796a5f99\" data-element_type=\"widget\" data-e-type=\"widget\" data-widget_type=\"text-editor.default\">\n\t\t\t\t<div class=\"elementor-widget-container\">\n\t\t\t\t\t\t\t\t\t\n<p>Em caso de lit\u00edgio, o consumidor pode recorrer \u00e0 seguinte Entidade de Resolu\u00e7\u00e3o Alternativa de Lit\u00edgios de consumo:<\/p>\n<p>Centro de Informa\u00e7\u00e3o de Consumo e Arbitragem do Porto<br \/>Rua Dami\u00e3o de Gois, n\u00ba 31 \u2013 Loja 6<br \/>4050-225 Porto<\/p>\n<p>Endere\u00e7o eletr\u00f3nico:\u00a0<a href=\"mailto:cicap@mail.telepac.pt\">cicap@mail.telepac.pt<\/a><br \/>Website:\u00a0<a href=\"http:\/\/www.cicap.pt\/\">http:\/\/www.cicap.pt<\/a><br \/>Telefone: +351 225 508 349<\/p>\n<p>Mais informa\u00e7\u00f5es em Portal do Consumidor\u00a0<a href=\"http:\/\/www.consumidor.pt\/\">www.consumidor.pt<\/a>. (artigo 18\u00ba da Lei n\u00ba 144\/2015, de 8 de setembro)<\/p>\t\t\t\t\t\t\t\t<\/div>\n\t\t\t\t<\/div>\n\t\t\t\t\t<\/div>\n\t\t\t\t<\/div>\n\t\t\t\t<\/div>\n\t\t","protected":false},"excerpt":{"rendered":"<p>Em caso de lit\u00edgio, o consumidor pode recorrer \u00e0 seguinte Entidade de Resolu\u00e7\u00e3o Alternativa de Lit\u00edgios de consumo: Centro de Informa\u00e7\u00e3o de Consumo e Arbitragem do PortoRua Dami\u00e3o de Gois, n\u00ba 31 \u2013 Loja 64050-225 Porto Endere\u00e7o eletr\u00f3nico:\u00a0cicap@mail.telepac.ptWebsite:\u00a0http:\/\/www.cicap.ptTelefone: +351 225 508 349 Mais informa\u00e7\u00f5es em Portal do Consumidor\u00a0www.consumidor.pt. (artigo 18\u00ba da Lei n\u00ba 144\/2015, de [&hellip;]<\/p>\n","protected":false},"author":1,"featured_media":0,"parent":0,"menu_order":0,"comment_status":"closed","ping_status":"open","template":"","meta":{"footnotes":""},"class_list":["post-3","page","type-page","status-publish","hentry"],"_links":{"self":[{"href":"https:\/\/gapetec.com\/index.php\/wp-json\/wp\/v2\/pages\/3","targetHints":{"allow":["GET"]}}],"collection":[{"href":"https:\/\/gapetec.com\/index.php\/wp-json\/wp\/v2\/pages"}],"about":[{"href":"https:\/\/gapetec.com\/index.php\/wp-json\/wp\/v2\/types\/page"}],"author":[{"embeddable":true,"href":"https:\/\/gapetec.com\/index.php\/wp-json\/wp\/v2\/users\/1"}],"replies":[{"embeddable":true,"href":"https:\/\/gapetec.com\/index.php\/wp-json\/wp\/v2\/comments?post=3"}],"version-history":[{"count":5,"href":"https:\/\/gapetec.com\/index.php\/wp-json\/wp\/v2\/pages\/3\/revisions"}],"predecessor-version":[{"id":11608,"href":"https:\/\/gapetec.com\/index.php\/wp-json\/wp\/v2\/pages\/3\/revisions\/11608"}],"wp:attachment":[{"href":"https:\/\/gapetec.com\/index.php\/wp-json\/wp\/v2\/media?parent=3"}],"curies":[{"name":"wp","href":"https:\/\/api.w.org\/{rel}","templated":true}]}}