{"id":5501,"date":"2023-02-06T19:42:26","date_gmt":"2023-02-06T19:42:26","guid":{"rendered":"https:\/\/leroux.qodeinteractive.com\/?page_id=5501"},"modified":"2024-07-30T18:26:12","modified_gmt":"2024-07-30T18:26:12","slug":"three-columns","status":"publish","type":"page","link":"https:\/\/gapetec.com\/index.php\/portfolio\/three-columns\/","title":{"rendered":"Three Columns"},"content":{"rendered":"\t\t<div data-elementor-type=\"wp-page\" data-elementor-id=\"5501\" class=\"elementor elementor-5501\">\n\t\t\t\t\t\t<section class=\"elementor-section elementor-top-section elementor-element elementor-element-be06fc4 qodef-elementor-content-grid elementor-section-boxed elementor-section-height-default elementor-section-height-default\" data-id=\"be06fc4\" data-element_type=\"section\" data-e-type=\"section\">\n\t\t\t\t\t\t<div class=\"elementor-container elementor-column-gap-default\">\n\t\t\t\t\t<div class=\"elementor-column elementor-col-100 elementor-top-column elementor-element elementor-element-ce9a934\" data-id=\"ce9a934\" data-element_type=\"column\" data-e-type=\"column\">\n\t\t\t<div class=\"elementor-widget-wrap elementor-element-populated\">\n\t\t\t\t\t\t<div class=\"elementor-element elementor-element-3afae5c elementor-widget elementor-widget-leroux_core_portfolio_list\" data-id=\"3afae5c\" data-element_type=\"widget\" data-e-type=\"widget\" data-widget_type=\"leroux_core_portfolio_list.default\">\n\t\t\t\t<div class=\"elementor-widget-container\">\n\t\t\t\t\t<div class=\"qodef-shortcode qodef-m  qodef-portfolio-list qodef-item-layout--info-below qodef-grid qodef-layout--columns  qodef-gutter--enormous qodef-vertical-gutter--extra-large qodef-col-num--3 qodef-item-layout--info-below qodef-filter--on qodef-pagination--on qodef-pagination-type--load-more qodef-responsive--custom qodef-col-num--1440--3 qodef-col-num--1366--3 qodef-col-num--1024--2 qodef-col-num--768--2 qodef-col-num--680--1 qodef-col-num--480--1 qodef-hover-animation--overlay\" data-options=\"{&quot;plugin&quot;:&quot;leroux_core&quot;,&quot;module&quot;:&quot;post-types\\\/portfolio\\\/shortcodes&quot;,&quot;shortcode&quot;:&quot;portfolio-list&quot;,&quot;post_type&quot;:&quot;portfolio-item&quot;,&quot;next_page&quot;:&quot;2&quot;,&quot;max_pages_num&quot;:1,&quot;behavior&quot;:&quot;columns&quot;,&quot;images_proportion&quot;:&quot;full&quot;,&quot;columns&quot;:&quot;3&quot;,&quot;columns_responsive&quot;:&quot;custom&quot;,&quot;columns_1440&quot;:&quot;3&quot;,&quot;columns_1366&quot;:&quot;3&quot;,&quot;columns_1024&quot;:&quot;2&quot;,&quot;columns_768&quot;:&quot;2&quot;,&quot;columns_680&quot;:&quot;1&quot;,&quot;columns_480&quot;:&quot;1&quot;,&quot;space&quot;:&quot;enormous&quot;,&quot;vertical_space&quot;:&quot;extra-large&quot;,&quot;posts_per_page&quot;:&quot;9&quot;,&quot;orderby&quot;:&quot;date&quot;,&quot;order&quot;:&quot;ASC&quot;,&quot;additional_params&quot;:&quot;tax&quot;,&quot;tax&quot;:&quot;portfolio-category&quot;,&quot;layout&quot;:&quot;info-below&quot;,&quot;hover_animation_info-below&quot;:&quot;overlay&quot;,&quot;hover_animation_info-follow&quot;:&quot;follow&quot;,&quot;hover_animation_info-on-hover&quot;:&quot;fade-in&quot;,&quot;title_tag&quot;:&quot;h5&quot;,&quot;custom_margin&quot;:&quot;no&quot;,&quot;enable_filter&quot;:&quot;yes&quot;,&quot;pagination_type&quot;:&quot;load-more&quot;,&quot;pagination_top_margin&quot;:&quot;margin-top: 112px&quot;,&quot;object_class_name&quot;:&quot;LerouxCore_Portfolio_List_Shortcode&quot;,&quot;taxonomy_filter&quot;:&quot;portfolio-category&quot;,&quot;space_value&quot;:70}\">\n\t\t<div class=\"qodef-m-filter\">\n\t\t\t\t\t<div class=\"qodef-m-filter-items\">\n\t\t\t\t<a class=\"qodef-m-filter-item qodef--active\" href=\"#\" data-taxonomy=\"portfolio-category\" data-filter=\"*\">\n\t\t\t\t\t<span class=\"qodef-m-filter-item-name\">Show All<\/span>\n\t\t\t\t<\/a>\n\t\t\t\t\t\t\t\t\t<a class=\"qodef-m-filter-item\" href=\"#\" data-taxonomy=\"portfolio-category\" data-filter=\"aquecimento\">\n\t\t\t\t\t\t<span class=\"qodef-m-filter-item-name\">Aquecimento<\/span>\n\t\t\t\t\t<\/a>\n\t\t\t\t\t\t\t\t\t<a class=\"qodef-m-filter-item\" href=\"#\" data-taxonomy=\"portfolio-category\" data-filter=\"piscinas\">\n\t\t\t\t\t\t<span class=\"qodef-m-filter-item-name\">Piscinas<\/span>\n\t\t\t\t\t<\/a>\n\t\t\t\t\t\t\t\t\t<a class=\"qodef-m-filter-item\" href=\"#\" data-taxonomy=\"portfolio-category\" data-filter=\"sistema-seguranca\">\n\t\t\t\t\t\t<span class=\"qodef-m-filter-item-name\">Sistema Seguran\u00e7a<\/span>\n\t\t\t\t\t<\/a>\n\t\t\t\t\t\t\t\t\t<a class=\"qodef-m-filter-item\" href=\"#\" data-taxonomy=\"portfolio-category\" data-filter=\"smart-home\">\n\t\t\t\t\t\t<span class=\"qodef-m-filter-item-name\">Smart Home<\/span>\n\t\t\t\t\t<\/a>\n\t\t\t\t\t\t\t<\/div>\n\t\t\t<\/div>\n\t\t<div class=\"qodef-grid-inner\">\n\t\t<article class=\"qodef-e qodef-grid-item qodef-item--full post-5413 portfolio-item type-portfolio-item status-publish has-post-thumbnail hentry portfolio-category-sistema-seguranca portfolio-tag-projeto\">\n\t<div class=\"qodef-e-inner\" >\n\t\t<div class=\"qodef-e-media\">\n\t\t\t\t<div class=\"qodef-e-media-image\">\n\t\t<a itemprop=\"url\" href=\"https:\/\/gapetec.com\/index.php\/portfolio-item\/sistema-alarme-palme\/\" target=\"_self\">\n\t\t\t<img fetchpriority=\"high\" decoding=\"async\" width=\"850\" height=\"1067\" src=\"https:\/\/gapetec.com\/wp-content\/uploads\/2024\/07\/20240606_155432-scaled-e1722360429959.jpg\" class=\"attachment-full size-full wp-post-image\" alt=\"\" srcset=\"https:\/\/gapetec.com\/wp-content\/uploads\/2024\/07\/20240606_155432-scaled-e1722360429959.jpg 850w, https:\/\/gapetec.com\/wp-content\/uploads\/2024\/07\/20240606_155432-scaled-e1722360429959-239x300.jpg 239w, https:\/\/gapetec.com\/wp-content\/uploads\/2024\/07\/20240606_155432-scaled-e1722360429959-816x1024.jpg 816w, https:\/\/gapetec.com\/wp-content\/uploads\/2024\/07\/20240606_155432-scaled-e1722360429959-768x964.jpg 768w, https:\/\/gapetec.com\/wp-content\/uploads\/2024\/07\/20240606_155432-scaled-e1722360429959-600x753.jpg 600w\" sizes=\"(max-width: 850px) 100vw, 850px\" \/>\t\t<\/a>\n\t<\/div>\n\t\t<\/div>\n\t\t<div class=\"qodef-e-content\" >\n\t\t\t<div class=\"qodef-e-top-holder\">\n\t\t\t\t<div class=\"qodef-e-text\">\n\t\t\t\t\t<h5 itemprop=\"name\" class=\"qodef-e-title entry-title\" >\n\t<a itemprop=\"url\" class=\"qodef-e-title-link\" href=\"https:\/\/gapetec.com\/index.php\/portfolio-item\/sistema-alarme-palme\/\" target=\"_self\">\n\t\tSistema de Alarme\t<\/a>\n<\/h5>\n\t\t\t\t<\/div>\n\t\t\t<\/div>\n\t\t\t<div class=\"qodef-e-info\">\n\t\t\t\t\t<a href=\"https:\/\/gapetec.com\/index.php\/portfolio-category\/sistema-seguranca\/\" rel=\"tag\">Sistema Seguran\u00e7a<\/a>\t<div class=\"qodef-info-separator-end\"><\/div>\n\t\t\t<\/div>\n\t\t<\/div>\n\t<\/div>\n<\/article>\n<article class=\"qodef-e qodef-grid-item qodef-item--full post-11536 portfolio-item type-portfolio-item status-publish has-post-thumbnail hentry portfolio-category-aquecimento portfolio-tag-projeto\">\n\t<div class=\"qodef-e-inner\" >\n\t\t<div class=\"qodef-e-media\">\n\t\t\t\t<div class=\"qodef-e-media-image\">\n\t\t<a itemprop=\"url\" href=\"https:\/\/gapetec.com\/index.php\/portfolio-item\/instalacao-de-sistema-de-aquecimento-com-bomba-de-calor\/\" target=\"_self\">\n\t\t\t<img decoding=\"async\" width=\"850\" height=\"1133\" src=\"https:\/\/gapetec.com\/wp-content\/uploads\/2024\/07\/WhatsApp-Image-2024-06-07-at-22.22.17-3-e1722368746918.jpeg\" class=\"attachment-full size-full wp-post-image\" alt=\"\" \/>\t\t<\/a>\n\t<\/div>\n\t\t<\/div>\n\t\t<div class=\"qodef-e-content\" >\n\t\t\t<div class=\"qodef-e-top-holder\">\n\t\t\t\t<div class=\"qodef-e-text\">\n\t\t\t\t\t<h5 itemprop=\"name\" class=\"qodef-e-title entry-title\" >\n\t<a itemprop=\"url\" class=\"qodef-e-title-link\" href=\"https:\/\/gapetec.com\/index.php\/portfolio-item\/instalacao-de-sistema-de-aquecimento-com-bomba-de-calor\/\" target=\"_self\">\n\t\tSistema de Aquecimento com Bomba de Calor\t<\/a>\n<\/h5>\n\t\t\t\t<\/div>\n\t\t\t<\/div>\n\t\t\t<div class=\"qodef-e-info\">\n\t\t\t\t\t<a href=\"https:\/\/gapetec.com\/index.php\/portfolio-category\/aquecimento\/\" rel=\"tag\">Aquecimento<\/a>\t<div class=\"qodef-info-separator-end\"><\/div>\n\t\t\t<\/div>\n\t\t<\/div>\n\t<\/div>\n<\/article>\n<article class=\"qodef-e qodef-grid-item qodef-item--full post-11544 portfolio-item type-portfolio-item status-publish has-post-thumbnail hentry portfolio-category-aquecimento portfolio-tag-projeto\">\n\t<div class=\"qodef-e-inner\" >\n\t\t<div class=\"qodef-e-media\">\n\t\t\t\t<div class=\"qodef-e-media-image\">\n\t\t<a itemprop=\"url\" href=\"https:\/\/gapetec.com\/index.php\/portfolio-item\/instalacao-de-ar-condicionado\/\" target=\"_self\">\n\t\t\t<img decoding=\"async\" width=\"849\" height=\"1064\" src=\"https:\/\/gapetec.com\/wp-content\/uploads\/2024\/07\/WhatsApp-Image-2024-06-07-at-22.44.34-e1722369113623.jpeg\" class=\"attachment-full size-full wp-post-image\" alt=\"\" srcset=\"https:\/\/gapetec.com\/wp-content\/uploads\/2024\/07\/WhatsApp-Image-2024-06-07-at-22.44.34-e1722369113623.jpeg 849w, https:\/\/gapetec.com\/wp-content\/uploads\/2024\/07\/WhatsApp-Image-2024-06-07-at-22.44.34-e1722369113623-239x300.jpeg 239w, https:\/\/gapetec.com\/wp-content\/uploads\/2024\/07\/WhatsApp-Image-2024-06-07-at-22.44.34-e1722369113623-817x1024.jpeg 817w, https:\/\/gapetec.com\/wp-content\/uploads\/2024\/07\/WhatsApp-Image-2024-06-07-at-22.44.34-e1722369113623-768x962.jpeg 768w, https:\/\/gapetec.com\/wp-content\/uploads\/2024\/07\/WhatsApp-Image-2024-06-07-at-22.44.34-e1722369113623-600x752.jpeg 600w\" sizes=\"(max-width: 849px) 100vw, 849px\" \/>\t\t<\/a>\n\t<\/div>\n\t\t<\/div>\n\t\t<div class=\"qodef-e-content\" >\n\t\t\t<div class=\"qodef-e-top-holder\">\n\t\t\t\t<div class=\"qodef-e-text\">\n\t\t\t\t\t<h5 itemprop=\"name\" class=\"qodef-e-title entry-title\" >\n\t<a itemprop=\"url\" class=\"qodef-e-title-link\" href=\"https:\/\/gapetec.com\/index.php\/portfolio-item\/instalacao-de-ar-condicionado\/\" target=\"_self\">\n\t\tInstala\u00e7\u00e3o de Ar Condicionado\t<\/a>\n<\/h5>\n\t\t\t\t<\/div>\n\t\t\t<\/div>\n\t\t\t<div class=\"qodef-e-info\">\n\t\t\t\t\t<a href=\"https:\/\/gapetec.com\/index.php\/portfolio-category\/aquecimento\/\" rel=\"tag\">Aquecimento<\/a>\t<div class=\"qodef-info-separator-end\"><\/div>\n\t\t\t<\/div>\n\t\t<\/div>\n\t<\/div>\n<\/article>\n<article class=\"qodef-e qodef-grid-item qodef-item--full post-11550 portfolio-item type-portfolio-item status-publish has-post-thumbnail hentry portfolio-category-smart-home portfolio-tag-projeto\">\n\t<div class=\"qodef-e-inner\" >\n\t\t<div class=\"qodef-e-media\">\n\t\t\t\t<div class=\"qodef-e-media-image\">\n\t\t<a itemprop=\"url\" href=\"https:\/\/gapetec.com\/index.php\/portfolio-item\/instalacao-de-domotica\/\" target=\"_self\">\n\t\t\t<img loading=\"lazy\" decoding=\"async\" width=\"849\" height=\"1065\" src=\"https:\/\/gapetec.com\/wp-content\/uploads\/2024\/07\/IMG_8941-scaled-e1722368211542.jpeg\" class=\"attachment-full size-full wp-post-image\" alt=\"\" srcset=\"https:\/\/gapetec.com\/wp-content\/uploads\/2024\/07\/IMG_8941-scaled-e1722368211542.jpeg 849w, https:\/\/gapetec.com\/wp-content\/uploads\/2024\/07\/IMG_8941-scaled-e1722368211542-239x300.jpeg 239w, https:\/\/gapetec.com\/wp-content\/uploads\/2024\/07\/IMG_8941-scaled-e1722368211542-816x1024.jpeg 816w, https:\/\/gapetec.com\/wp-content\/uploads\/2024\/07\/IMG_8941-scaled-e1722368211542-768x963.jpeg 768w, https:\/\/gapetec.com\/wp-content\/uploads\/2024\/07\/IMG_8941-scaled-e1722368211542-600x753.jpeg 600w\" sizes=\"(max-width: 849px) 100vw, 849px\" \/>\t\t<\/a>\n\t<\/div>\n\t\t<\/div>\n\t\t<div class=\"qodef-e-content\" >\n\t\t\t<div class=\"qodef-e-top-holder\">\n\t\t\t\t<div class=\"qodef-e-text\">\n\t\t\t\t\t<h5 itemprop=\"name\" class=\"qodef-e-title entry-title\" >\n\t<a itemprop=\"url\" class=\"qodef-e-title-link\" href=\"https:\/\/gapetec.com\/index.php\/portfolio-item\/instalacao-de-domotica\/\" target=\"_self\">\n\t\tInstala\u00e7\u00e3o de Dom\u00f3tica\t<\/a>\n<\/h5>\n\t\t\t\t<\/div>\n\t\t\t<\/div>\n\t\t\t<div class=\"qodef-e-info\">\n\t\t\t\t\t<a href=\"https:\/\/gapetec.com\/index.php\/portfolio-category\/smart-home\/\" rel=\"tag\">Smart Home<\/a>\t<div class=\"qodef-info-separator-end\"><\/div>\n\t\t\t<\/div>\n\t\t<\/div>\n\t<\/div>\n<\/article>\n<article class=\"qodef-e qodef-grid-item qodef-item--full post-11551 portfolio-item type-portfolio-item status-publish has-post-thumbnail hentry portfolio-category-piscinas portfolio-tag-projeto\">\n\t<div class=\"qodef-e-inner\" >\n\t\t<div class=\"qodef-e-media\">\n\t\t\t\t<div class=\"qodef-e-media-image\">\n\t\t<a itemprop=\"url\" href=\"https:\/\/gapetec.com\/index.php\/portfolio-item\/instalacao-tecnica-de-piscina\/\" target=\"_self\">\n\t\t\t<img loading=\"lazy\" decoding=\"async\" width=\"850\" height=\"1062\" src=\"https:\/\/gapetec.com\/wp-content\/uploads\/2024\/07\/20240606_150837-scaled-e1722365151396.jpg\" class=\"attachment-full size-full wp-post-image\" alt=\"\" srcset=\"https:\/\/gapetec.com\/wp-content\/uploads\/2024\/07\/20240606_150837-scaled-e1722365151396.jpg 850w, https:\/\/gapetec.com\/wp-content\/uploads\/2024\/07\/20240606_150837-scaled-e1722365151396-240x300.jpg 240w, https:\/\/gapetec.com\/wp-content\/uploads\/2024\/07\/20240606_150837-scaled-e1722365151396-820x1024.jpg 820w, https:\/\/gapetec.com\/wp-content\/uploads\/2024\/07\/20240606_150837-scaled-e1722365151396-768x960.jpg 768w, https:\/\/gapetec.com\/wp-content\/uploads\/2024\/07\/20240606_150837-scaled-e1722365151396-600x750.jpg 600w\" sizes=\"(max-width: 850px) 100vw, 850px\" \/>\t\t<\/a>\n\t<\/div>\n\t\t<\/div>\n\t\t<div class=\"qodef-e-content\" >\n\t\t\t<div class=\"qodef-e-top-holder\">\n\t\t\t\t<div class=\"qodef-e-text\">\n\t\t\t\t\t<h5 itemprop=\"name\" class=\"qodef-e-title entry-title\" >\n\t<a itemprop=\"url\" class=\"qodef-e-title-link\" href=\"https:\/\/gapetec.com\/index.php\/portfolio-item\/instalacao-tecnica-de-piscina\/\" target=\"_self\">\n\t\tInstala\u00e7\u00e3o T\u00e9cnica de Piscina\t<\/a>\n<\/h5>\n\t\t\t\t<\/div>\n\t\t\t<\/div>\n\t\t\t<div class=\"qodef-e-info\">\n\t\t\t\t\t<a href=\"https:\/\/gapetec.com\/index.php\/portfolio-category\/piscinas\/\" rel=\"tag\">Piscinas<\/a>\t<div class=\"qodef-info-separator-end\"><\/div>\n\t\t\t<\/div>\n\t\t<\/div>\n\t<\/div>\n<\/article>\n<article class=\"qodef-e qodef-grid-item qodef-item--full post-11556 portfolio-item type-portfolio-item status-publish has-post-thumbnail hentry portfolio-category-aquecimento portfolio-tag-projeto\">\n\t<div class=\"qodef-e-inner\" >\n\t\t<div class=\"qodef-e-media\">\n\t\t\t\t<div class=\"qodef-e-media-image\">\n\t\t<a itemprop=\"url\" href=\"https:\/\/gapetec.com\/index.php\/portfolio-item\/instalacao-de-piso-radiante\/\" target=\"_self\">\n\t\t\t<img loading=\"lazy\" decoding=\"async\" width=\"849\" height=\"1064\" src=\"https:\/\/gapetec.com\/wp-content\/uploads\/2024\/07\/WhatsApp-Image-2024-06-07-at-22.33.36-4-1-e1722364817444.jpeg\" class=\"attachment-full size-full wp-post-image\" alt=\"\" srcset=\"https:\/\/gapetec.com\/wp-content\/uploads\/2024\/07\/WhatsApp-Image-2024-06-07-at-22.33.36-4-1-e1722364817444.jpeg 849w, https:\/\/gapetec.com\/wp-content\/uploads\/2024\/07\/WhatsApp-Image-2024-06-07-at-22.33.36-4-1-e1722364817444-239x300.jpeg 239w, https:\/\/gapetec.com\/wp-content\/uploads\/2024\/07\/WhatsApp-Image-2024-06-07-at-22.33.36-4-1-e1722364817444-817x1024.jpeg 817w, https:\/\/gapetec.com\/wp-content\/uploads\/2024\/07\/WhatsApp-Image-2024-06-07-at-22.33.36-4-1-e1722364817444-768x962.jpeg 768w, https:\/\/gapetec.com\/wp-content\/uploads\/2024\/07\/WhatsApp-Image-2024-06-07-at-22.33.36-4-1-e1722364817444-600x752.jpeg 600w\" sizes=\"(max-width: 849px) 100vw, 849px\" \/>\t\t<\/a>\n\t<\/div>\n\t\t<\/div>\n\t\t<div class=\"qodef-e-content\" >\n\t\t\t<div class=\"qodef-e-top-holder\">\n\t\t\t\t<div class=\"qodef-e-text\">\n\t\t\t\t\t<h5 itemprop=\"name\" class=\"qodef-e-title entry-title\" >\n\t<a itemprop=\"url\" class=\"qodef-e-title-link\" href=\"https:\/\/gapetec.com\/index.php\/portfolio-item\/instalacao-de-piso-radiante\/\" target=\"_self\">\n\t\tInstala\u00e7\u00e3o de Piso Radiante\t<\/a>\n<\/h5>\n\t\t\t\t<\/div>\n\t\t\t<\/div>\n\t\t\t<div class=\"qodef-e-info\">\n\t\t\t\t\t<a href=\"https:\/\/gapetec.com\/index.php\/portfolio-category\/aquecimento\/\" rel=\"tag\">Aquecimento<\/a>\t<div class=\"qodef-info-separator-end\"><\/div>\n\t\t\t<\/div>\n\t\t<\/div>\n\t<\/div>\n<\/article>\n\t<\/div>\n\t<\/div>\n\t\t\t\t<\/div>\n\t\t\t\t<\/div>\n\t\t\t\t\t<\/div>\n\t\t<\/div>\n\t\t\t\t\t<\/div>\n\t\t<\/section>\n\t\t\t\t<\/div>\n\t\t","protected":false},"excerpt":{"rendered":"<p>Show All Aquecimento Piscinas Sistema Seguran\u00e7a Smart Home Digital Reviews Big Dream New Projects Product Design Sistema de Alarme Sistema Seguran\u00e7a Instala\u00e7\u00e3o de Sistema de Aquecimento com Bomba de Calor Aquecimento Instala\u00e7\u00e3o de Ar Condicionado Aquecimento Instala\u00e7\u00e3o de Dom\u00f3tica Smart Home Instala\u00e7\u00e3o T\u00e9cnica de Piscina Piscinas Load More<\/p>\n","protected":false},"author":1,"featured_media":0,"parent":5402,"menu_order":0,"comment_status":"closed","ping_status":"closed","template":"page-full-width.php","meta":{"footnotes":""},"class_list":["post-5501","page","type-page","status-publish","hentry"],"_links":{"self":[{"href":"https:\/\/gapetec.com\/index.php\/wp-json\/wp\/v2\/pages\/5501","targetHints":{"allow":["GET"]}}],"collection":[{"href":"https:\/\/gapetec.com\/index.php\/wp-json\/wp\/v2\/pages"}],"about":[{"href":"https:\/\/gapetec.com\/index.php\/wp-json\/wp\/v2\/types\/page"}],"author":[{"embeddable":true,"href":"https:\/\/gapetec.com\/index.php\/wp-json\/wp\/v2\/users\/1"}],"replies":[{"embeddable":true,"href":"https:\/\/gapetec.com\/index.php\/wp-json\/wp\/v2\/comments?post=5501"}],"version-history":[{"count":3,"href":"https:\/\/gapetec.com\/index.php\/wp-json\/wp\/v2\/pages\/5501\/revisions"}],"predecessor-version":[{"id":11568,"href":"https:\/\/gapetec.com\/index.php\/wp-json\/wp\/v2\/pages\/5501\/revisions\/11568"}],"up":[{"embeddable":true,"href":"https:\/\/gapetec.com\/index.php\/wp-json\/wp\/v2\/pages\/5402"}],"wp:attachment":[{"href":"https:\/\/gapetec.com\/index.php\/wp-json\/wp\/v2\/media?parent=5501"}],"curies":[{"name":"wp","href":"https:\/\/api.w.org\/{rel}","templated":true}]}}